{"id":335,"date":"2019-07-23T17:08:18","date_gmt":"2019-07-23T21:08:18","guid":{"rendered":"http:\/\/www.cs.fsu.edu\/vipra\/?page_id=335"},"modified":"2019-07-23T17:29:54","modified_gmt":"2019-07-23T21:29:54","slug":"advisory-board","status":"publish","type":"page","link":"https:\/\/www.cs.fsu.edu\/vipra\/?page_id=335","title":{"rendered":"Advisory Board"},"content":{"rendered":"<ul>\n<li>Hari Adhikari, Assistant Professor of Finance and Risk Management, Embry-Riddle Aeronautical University\n<li>Darrin Barth, Airside Operations Manager, Hartsfield-Jackson Atlanta International Airport\n<li>Jim Durwin, Interim Deputy Director of Aviation, Tallahassee International Airport\n<li>Lauren Gardner, Associate Professor of Civil Engineering, Johns Hopkins University\n<li>Stephen Grubbs, Deputy Aviation Director, Phoenix Sky Harbor International Airport\n<li>C\u00e9sar Munayco, Director de Investigaci\u00f3n Epidemiol\u00f3gica, Ministerio de Salud, Peru\n<li>Adam Sawicki, Technical Fellow, Boeing\n<\/ul>\n","protected":false},"excerpt":{"rendered":"<p>Hari Adhikari, Assistant Professor of Finance and Risk Management, Embry-Riddle Aeronautical University Darrin Barth, Airside Operations Manager, Hartsfield-Jackson Atlanta International Airport Jim Durwin, Interim Deputy Director of Aviation, Tallahassee International Airport Lauren Gardner, Associate Professor of Civil Engineering, Johns Hopkins University Stephen Grubbs, Deputy Aviation Director, Phoenix Sky Harbor International Airport C\u00e9sar Munayco, Director de Investigaci\u00f3n Epidemiol\u00f3gica, Ministerio de Salud, [&hellip;]<\/p>\n","protected":false},"author":1,"featured_media":0,"parent":0,"menu_order":0,"comment_status":"closed","ping_status":"closed","template":"template-fullwidth.php","meta":[],"_links":{"self":[{"href":"https:\/\/www.cs.fsu.edu\/vipra\/index.php?rest_route=\/wp\/v2\/pages\/335"}],"collection":[{"href":"https:\/\/www.cs.fsu.edu\/vipra\/index.php?rest_route=\/wp\/v2\/pages"}],"about":[{"href":"https:\/\/www.cs.fsu.edu\/vipra\/index.php?rest_route=\/wp\/v2\/types\/page"}],"author":[{"embeddable":true,"href":"https:\/\/www.cs.fsu.edu\/vipra\/index.php?rest_route=\/wp\/v2\/users\/1"}],"replies":[{"embeddable":true,"href":"https:\/\/www.cs.fsu.edu\/vipra\/index.php?rest_route=%2Fwp%2Fv2%2Fcomments&post=335"}],"version-history":[{"count":5,"href":"https:\/\/www.cs.fsu.edu\/vipra\/index.php?rest_route=\/wp\/v2\/pages\/335\/revisions"}],"predecessor-version":[{"id":346,"href":"https:\/\/www.cs.fsu.edu\/vipra\/index.php?rest_route=\/wp\/v2\/pages\/335\/revisions\/346"}],"wp:attachment":[{"href":"https:\/\/www.cs.fsu.edu\/vipra\/index.php?rest_route=%2Fwp%2Fv2%2Fmedia&parent=335"}],"curies":[{"name":"wp","href":"https:\/\/api.w.org\/{rel}","templated":true}]}}